{"id":1518,"date":"2023-04-17T17:25:04","date_gmt":"2023-04-17T15:25:04","guid":{"rendered":"https:\/\/www.campingdomainedegajan.com\/services\/"},"modified":"2023-05-31T11:35:15","modified_gmt":"2023-05-31T09:35:15","slug":"services","status":"publish","type":"page","link":"https:\/\/www.campingdomainedegajan.com\/en\/services\/","title":{"rendered":"Services"},"content":{"rendered":"\n<section class=\"wp-container-69f27a36834c3 wp-block-group alignfull F-00-a svg_bottom\"><div class=\"wp-block-group__inner-container\">\n<div class=\"wp-block-cover is-light\"><span aria-hidden=\"true\" class=\"has-background-dim-0 wp-block-cover__gradient-background has-background-dim\"><\/span><img loading=\"lazy\" width=\"1024\" height=\"768\" class=\"wp-block-cover__image-background wp-image-792\" alt=\"camping 4 etoiles herault languedoc roussillon\" src=\"https:\/\/www.campingdomainedegajan.com\/wp-content\/uploads\/2022\/05\/DSCN1306-Copier.jpg\" data-object-fit=\"cover\" srcset=\"https:\/\/www.campingdomainedegajan.com\/wp-content\/uploads\/2022\/05\/DSCN1306-Copier.jpg 1024w, https:\/\/www.campingdomainedegajan.com\/wp-content\/uploads\/2022\/05\/DSCN1306-Copier-300x225.jpg 300w, https:\/\/www.campingdomainedegajan.com\/wp-content\/uploads\/2022\/05\/DSCN1306-Copier-768x576.jpg 768w\" sizes=\"(max-width: 1024px) 100vw, 1024px\" \/><div class=\"wp-block-cover__inner-container\">\n<p class=\"has-text-align-center has-large-font-size\"><\/p>\n<\/div><\/div>\n<\/div><\/section>\n\n<section class=\"wp-container-69f27a3683fdb wp-block-group F-30-a\"><div class=\"wp-block-group__inner-container\">\n<div class=\"wp-block-columns are-vertically-aligned-top reverse-mob\">\n<div class=\"wp-block-column is-vertically-aligned-top\">\n<figure class=\"wp-block-gallery has-nested-images columns-default is-cropped\">\n<figure class=\"wp-block-image size-full\"><img loading=\"lazy\" width=\"1024\" height=\"768\" src=\"https:\/\/www.campingdomainedegajan.com\/wp-content\/uploads\/2022\/05\/DSCN0196-Copier.jpg\" alt=\"Campsite Sommi&#xE8;res Near Nimes | Domaine De Gajan : Dscn0196 Copy\" class=\"wp-image-973\" srcset=\"https:\/\/www.campingdomainedegajan.com\/wp-content\/uploads\/2022\/05\/DSCN0196-Copier.jpg 1024w, https:\/\/www.campingdomainedegajan.com\/wp-content\/uploads\/2022\/05\/DSCN0196-Copier-300x225.jpg 300w, https:\/\/www.campingdomainedegajan.com\/wp-content\/uploads\/2022\/05\/DSCN0196-Copier-768x576.jpg 768w\" sizes=\"(max-width: 1024px) 100vw, 1024px\" \/><\/figure>\n\n\n<figure class=\"wp-block-image size-full\"><img loading=\"lazy\" width=\"1024\" height=\"768\" src=\"https:\/\/www.campingdomainedegajan.com\/wp-content\/uploads\/2022\/05\/DSCN1307-Copier-2.jpg\" alt=\"Camping Sommi&#xE8;res Near Nimes | Domaine De Gajan : Dscn1307 Copy 2\" class=\"wp-image-969\" srcset=\"https:\/\/www.campingdomainedegajan.com\/wp-content\/uploads\/2022\/05\/DSCN1307-Copier-2.jpg 1024w, https:\/\/www.campingdomainedegajan.com\/wp-content\/uploads\/2022\/05\/DSCN1307-Copier-2-300x225.jpg 300w, https:\/\/www.campingdomainedegajan.com\/wp-content\/uploads\/2022\/05\/DSCN1307-Copier-2-768x576.jpg 768w\" sizes=\"(max-width: 1024px) 100vw, 1024px\" \/><\/figure>\n\n\n<figure class=\"wp-block-image size-full\"><img loading=\"lazy\" width=\"1024\" height=\"768\" src=\"https:\/\/www.campingdomainedegajan.com\/wp-content\/uploads\/2022\/05\/DSCN0902-Copier.jpg\" alt=\"Camping Sommi&#xE8;res Near Nimes | Domaine De Gajan : Dscn0902 Copy\" class=\"wp-image-971\" srcset=\"https:\/\/www.campingdomainedegajan.com\/wp-content\/uploads\/2022\/05\/DSCN0902-Copier.jpg 1024w, https:\/\/www.campingdomainedegajan.com\/wp-content\/uploads\/2022\/05\/DSCN0902-Copier-300x225.jpg 300w, https:\/\/www.campingdomainedegajan.com\/wp-content\/uploads\/2022\/05\/DSCN0902-Copier-768x576.jpg 768w\" sizes=\"(max-width: 1024px) 100vw, 1024px\" \/><\/figure><\/figure>\n<\/div>\n\n\n\n<div class=\"wp-block-column is-vertically-aligned-top\">\n<h1 class=\"has-secondary-dark-color has-text-color\" id=\"choisissez-le-mode-d-hebergement-qui-vous-convient-a-sommieres\">4 star campsite Herault near Sommi\u00e8res with many services<\/h1>\n\n\n\n<p class=\"has-font-dark-color has-text-color\">For your <strong>vacations in the H\u00e9rault <\/strong>to be successful and relaxing, you can take advantage of the <strong>many services <\/strong>of a <a href=\"https:\/\/www.campingdomainedegajan.com\/en\/\" data-type=\"page\" data-id=\"5\">4-star campsite in Sommi\u00e8res<\/a>. From the snack restaurant to our grocery store, you will have the possibility to eat or do your basic shopping.<\/p>\n\n\n\n<p class=\"has-font-dark-color has-text-color\"><strong>The grocery store is open in high season<\/strong>, where you will find all the necessities you may need during your <strong>camping stay<\/strong>.<\/p>\n\n\n\n<p class=\"has-font-dark-color has-text-color\">You will be able to eat a cup of ice cream under the sun of the <strong>South of France<\/strong>, drink a cocktail, a Smoothie with fresh fruits, a coffee, a hot or cold drink, and eat.<\/p>\n\n\n\n<div class=\"wp-container-69f27a3683c52 wp-block-buttons\">\n<div class=\"wp-block-button btn_resa\"><a class=\"wp-block-button__link has-primary-background-color has-background\">Book my stay<\/a><\/div>\n\n\n\n<div class=\"wp-block-button hebergements\"><a class=\"wp-block-button__link has-secondary-dark-color has-secondary-background-color has-text-color has-background\" href=\"https:\/\/www.campingdomainedegajan.com\/en\/lodging\/\">See the accommodations<\/a><\/div>\n<\/div>\n<\/div>\n<\/div>\n<\/div><\/section>\n\n<section class=\"wp-container-69f27a36848f1 wp-block-group alignfull F-25-a\"><div class=\"wp-block-group__inner-container\">\n<div class=\"wp-block-columns are-vertically-aligned-center\">\n<div class=\"wp-block-column is-vertically-aligned-center\">\n<figure class=\"wp-block-image size-full\"><img loading=\"lazy\" width=\"1024\" height=\"768\" src=\"https:\/\/www.campingdomainedegajan.com\/wp-content\/uploads\/2022\/05\/DSCN3219-Copier1.jpg\" alt=\"Camping Sommi&#xE8;res Near Nimes | Domaine De Gajan : Dscn3219 Copy1\" class=\"wp-image-985\" srcset=\"https:\/\/www.campingdomainedegajan.com\/wp-content\/uploads\/2022\/05\/DSCN3219-Copier1.jpg 1024w, https:\/\/www.campingdomainedegajan.com\/wp-content\/uploads\/2022\/05\/DSCN3219-Copier1-300x225.jpg 300w, https:\/\/www.campingdomainedegajan.com\/wp-content\/uploads\/2022\/05\/DSCN3219-Copier1-768x576.jpg 768w\" sizes=\"(max-width: 1024px) 100vw, 1024px\" \/><\/figure><\/div>\n\n\n\n<div class=\"wp-block-column is-vertically-aligned-center\" style=\"flex-basis:40%\">\n<p class=\"has-text-align-center\">The <strong>restaurant in front of<\/strong> the <strong> <a href=\"https:\/\/www.campingdomainedegajan.com\/en\/aquatic-area\/\" data-type=\"page\" data-id=\"474\">pool<\/a> is open every day from April 1 to September 15,<\/strong> you can enjoy your evening, eating excellent mussels or pizzas in front of a show. You can choose from a wide range of breakfast, lunch or dinner dishes.<\/p>\n\n\n\n<div class=\"wp-container-69f27a368447b wp-block-group ligne_pictos_3\">\n<p><i class=\"fa-regular fa-glass-citrus\"><\/i>  Cocktails<br\/>and smoothies<\/p>\n\n\n\n<p><i class=\"fa-regular fa-child\"><\/i>  Menus for<br\/>your children<\/p>\n\n\n\n<p><i class=\"fa-regular fa-pizza\"><\/i>  Many<br\/>dishes<\/p>\n<\/div>\n\n\n\n<p class=\"has-text-align-center\">Cocktails and smoothies will be offered at the campsite bar.<\/p>\n\n\n\n<p class=\"has-text-align-center\">You can eat at any time. Outside the restaurant&#8217;s service hours, we offer a snack menu.<\/p>\n\n\n\n<p class=\"has-text-align-center\">You can reserve <strong>bread or pastries<\/strong> at the restaurant the day before for the next day!<\/p>\n<\/div>\n\n\n\n<div class=\"wp-block-column is-vertically-aligned-center\">\n<figure class=\"wp-block-image size-full is-resized\"><img loading=\"lazy\" src=\"https:\/\/www.campingdomainedegajan.com\/wp-content\/uploads\/2022\/05\/DSCN1308-Copier.jpg\" alt=\"Camping Sommi&#xE8;res Near Nimes | Domaine De Gajan : Dscn1308 Copy\" class=\"wp-image-990\" width=\"256\" height=\"192\" srcset=\"https:\/\/www.campingdomainedegajan.com\/wp-content\/uploads\/2022\/05\/DSCN1308-Copier.jpg 1024w, https:\/\/www.campingdomainedegajan.com\/wp-content\/uploads\/2022\/05\/DSCN1308-Copier-300x225.jpg 300w, https:\/\/www.campingdomainedegajan.com\/wp-content\/uploads\/2022\/05\/DSCN1308-Copier-768x576.jpg 768w\" sizes=\"(max-width: 256px) 100vw, 256px\" \/><\/figure><\/div>\n<\/div>\n<\/div><\/section>\n\n<section class=\"wp-container-69f27a368523e wp-block-group F-15-a has-tertiary-background-color has-background\"><div class=\"wp-block-group__inner-container\">\n<div class=\"wp-block-columns are-vertically-aligned-center reverse-mob\">\n<div class=\"wp-block-column is-vertically-aligned-center\">\n<figure class=\"wp-block-gallery has-nested-images columns-default is-cropped\">\n<figure class=\"wp-block-image size-full\"><img loading=\"lazy\" width=\"1000\" height=\"750\" src=\"https:\/\/www.campingdomainedegajan.com\/wp-content\/uploads\/2022\/05\/DSCN30071.jpg\" alt=\"Campsite Sommi&#xE8;res Near Nimes | Domaine De Gajan : Dscn30071\" class=\"wp-image-1028\" srcset=\"https:\/\/www.campingdomainedegajan.com\/wp-content\/uploads\/2022\/05\/DSCN30071.jpg 1000w, https:\/\/www.campingdomainedegajan.com\/wp-content\/uploads\/2022\/05\/DSCN30071-300x225.jpg 300w, https:\/\/www.campingdomainedegajan.com\/wp-content\/uploads\/2022\/05\/DSCN30071-768x576.jpg 768w\" sizes=\"(max-width: 1000px) 100vw, 1000px\" \/><\/figure>\n\n\n<figure class=\"wp-block-image size-full\"><img loading=\"lazy\" width=\"508\" height=\"463\" src=\"https:\/\/www.campingdomainedegajan.com\/wp-content\/uploads\/2022\/05\/home_animations01.jpg\" alt=\"\" class=\"wp-image-664\" srcset=\"https:\/\/www.campingdomainedegajan.com\/wp-content\/uploads\/2022\/05\/home_animations01.jpg 508w, https:\/\/www.campingdomainedegajan.com\/wp-content\/uploads\/2022\/05\/home_animations01-300x273.jpg 300w\" sizes=\"(max-width: 508px) 100vw, 508px\" \/><\/figure>\n\n\n<figure class=\"wp-block-image size-large\"><img loading=\"lazy\" width=\"1024\" height=\"686\" src=\"https:\/\/www.campingdomainedegajan.com\/wp-content\/uploads\/2022\/05\/DSC07186-Copier-1024x686.jpg\" alt=\"\" class=\"wp-image-1125\" srcset=\"https:\/\/www.campingdomainedegajan.com\/wp-content\/uploads\/2022\/05\/DSC07186-Copier-1024x686.jpg 1024w, https:\/\/www.campingdomainedegajan.com\/wp-content\/uploads\/2022\/05\/DSC07186-Copier-300x201.jpg 300w, https:\/\/www.campingdomainedegajan.com\/wp-content\/uploads\/2022\/05\/DSC07186-Copier-768x514.jpg 768w, https:\/\/www.campingdomainedegajan.com\/wp-content\/uploads\/2022\/05\/DSC07186-Copier.jpg 1147w\" sizes=\"(max-width: 1024px) 100vw, 1024px\" \/><\/figure><\/figure>\n<\/div>\n\n\n\n<div class=\"wp-block-column is-vertically-aligned-center\">\n<h2 class=\"has-primary-color has-text-color\" id=\"choisissez-le-mode-d-hebergement-qui-vous-convient-a-sommieres\">The Domaine de Gajan in the H\u00e9rault is also services for all<\/h2>\n\n\n\n<div class=\"wp-block-columns\">\n<div class=\"wp-block-column\">\n<ul class=\"has-font-dark-color has-text-color\"><li><strong> Barbecues and electric planchas<\/strong> are available at the reception desk against a deposit.<\/li><li><strong>Free access to the WIFI of the campsite on the terrace of the bar\/restaurant and a paying WIFI access on the rest of the campsite <\/strong> to stay connected with your relatives.<\/li><li>Numerous <strong>\n  <a href=\"https:\/\/www.campingdomainedegajan.com\/en\/leisure\/\" data-type=\"page\" data-id=\"478\">activities<\/a>\n<\/strong>soccer, basketball in our citystadium, volleyball, badminton, petanque court, ping-pong tables<\/li><li>A <strong>free children&#8217;s club<\/strong> for your children from 6 to 12 years old open every morning (5\/7 days) in July and August<\/li><li>Numerous<strong> sports activities<\/strong> open to all in the afternoon (5\/7 days) in July and August<\/li><\/ul><\/div>\n\n\n\n<div class=\"wp-block-column\">\n<ul class=\"has-font-dark-color has-text-color\"><li><strong>Shows, bingo and theme nights organized<\/strong> every week in July and August<\/li><li>An <strong>aquatic and recreational area<\/strong> open 7 days a week<\/li><li>A <strong>laundry<\/strong> available at the campsite&#8217;s sanitary facilities with coin-operated washing machines and dryers<\/li><li>The <strong>sanitary facilities<\/strong> of the campsite, clean, maintained and available to all<\/li><li>During the opening hours of the bar-restaurant, you will have access to:<strong> table soccer, billiards<\/strong><\/li><\/ul><\/div>\n<\/div>\n\n\n\n<div class=\"wp-container-69f27a3684ee1 wp-block-buttons\">\n<div class=\"wp-block-button btn_resa\"><a class=\"wp-block-button__link has-primary-background-color has-background\">Book now!<\/a><\/div>\n\n\n\n<div class=\"wp-block-button activites\"><a class=\"wp-block-button__link has-font-dark-color has-text-color\" href=\"https:\/\/www.campingdomainedegajan.com\/en\/services\/\">Discover the activities<\/a><\/div>\n<\/div>\n<\/div>\n<\/div>\n<\/div><\/section>\n","protected":false},"excerpt":{"rendered":"<p>4 star campsite Herault near Sommi\u00e8res with many services For your vacations in the H\u00e9rault to be successful and relaxing, you can take advantage of the many services of a 4-star campsite in Sommi\u00e8res. From the snack restaurant to our grocery store, you will have the possibility to eat or do your basic shopping. The [&hellip;]<\/p>\n","protected":false},"author":1,"featured_media":0,"parent":0,"menu_order":0,"comment_status":"closed","ping_status":"closed","template":"","meta":[],"acf":[],"_links":{"self":[{"href":"https:\/\/www.campingdomainedegajan.com\/en\/wp-json\/wp\/v2\/pages\/1518"}],"collection":[{"href":"https:\/\/www.campingdomainedegajan.com\/en\/wp-json\/wp\/v2\/pages"}],"about":[{"href":"https:\/\/www.campingdomainedegajan.com\/en\/wp-json\/wp\/v2\/types\/page"}],"author":[{"embeddable":true,"href":"https:\/\/www.campingdomainedegajan.com\/en\/wp-json\/wp\/v2\/users\/1"}],"replies":[{"embeddable":true,"href":"https:\/\/www.campingdomainedegajan.com\/en\/wp-json\/wp\/v2\/comments?post=1518"}],"version-history":[{"count":5,"href":"https:\/\/www.campingdomainedegajan.com\/en\/wp-json\/wp\/v2\/pages\/1518\/revisions"}],"predecessor-version":[{"id":1591,"href":"https:\/\/www.campingdomainedegajan.com\/en\/wp-json\/wp\/v2\/pages\/1518\/revisions\/1591"}],"wp:attachment":[{"href":"https:\/\/www.campingdomainedegajan.com\/en\/wp-json\/wp\/v2\/media?parent=1518"}],"curies":[{"name":"wp","href":"https:\/\/api.w.org\/{rel}","templated":true}]}}