{"id":1508,"date":"2023-04-17T17:23:37","date_gmt":"2023-04-17T15:23:37","guid":{"rendered":"https:\/\/www.campingdomainedegajan.com\/leisure\/"},"modified":"2023-05-31T11:16:43","modified_gmt":"2023-05-31T09:16:43","slug":"leisure","status":"publish","type":"page","link":"https:\/\/www.campingdomainedegajan.com\/en\/leisure\/","title":{"rendered":"Leisure"},"content":{"rendered":"\n<section class=\"wp-container-69f5e9066ba43 wp-block-group alignfull F-00-a\"><div class=\"wp-block-group__inner-container\">\n<div class=\"wp-block-cover\"><span aria-hidden=\"true\" class=\"has-background-dim-0 wp-block-cover__gradient-background has-background-dim\"><\/span><img loading=\"lazy\" width=\"1024\" height=\"768\" class=\"wp-block-cover__image-background wp-image-999\" alt=\"Camping Sommi\u00e8res Pr\u00e8s De N\u00eemes | Domaine De Gajan : Dscn4239 Copier1\" src=\"https:\/\/www.campingdomainedegajan.com\/wp-content\/uploads\/2022\/05\/DSCN4239-Copier1.jpg\" data-object-fit=\"cover\" srcset=\"https:\/\/www.campingdomainedegajan.com\/wp-content\/uploads\/2022\/05\/DSCN4239-Copier1.jpg 1024w, https:\/\/www.campingdomainedegajan.com\/wp-content\/uploads\/2022\/05\/DSCN4239-Copier1-300x225.jpg 300w, https:\/\/www.campingdomainedegajan.com\/wp-content\/uploads\/2022\/05\/DSCN4239-Copier1-768x576.jpg 768w\" sizes=\"(max-width: 1024px) 100vw, 1024px\" \/><div class=\"wp-block-cover__inner-container\">\n<p class=\"has-text-align-center has-large-font-size\"><\/p>\n<\/div><\/div>\n<\/div><\/section>\n\n<div class=\"wp-container-69f5e9066c6d9 wp-block-group F-15-b has-tertiary-background-color has-background\"><div class=\"wp-block-group__inner-container\">\n<div class=\"wp-block-columns\">\n<div class=\"wp-block-column\">\n<h1 class=\"has-primary-color has-text-color\" id=\"camping-en-camargue-disposant-de-nombreuses-activites-animations-et-loisirs-pour-tous\">Campsite in Camargue with many activities, animations and leisure for all<\/h1>\n\n\n\n<div class=\"wp-container-69f5e9066be26 wp-block-group boutons-pictos\">\n<p class=\"titre\"><a href=\"https:\/\/www.campingdomainedegajan.com\/en\/aquatic-area\/\" data-type=\"page\" data-id=\"474\"><i class=\"fa-regular fa-swimming-pool\"><\/i>  Water park<\/a><\/p>\n\n\n\n<p class=\"titre\"><a href=\"https:\/\/www.campingdomainedegajan.com\/en\/surroundings\/\" data-type=\"page\" data-id=\"480\"><i class=\"fa-regular fa-map-marker-alt\"><\/i>  In the vicinity<\/a><\/p>\n<\/div>\n\n\n\n<figure class=\"wp-block-image size-full\"><img loading=\"lazy\" width=\"1024\" height=\"768\" src=\"https:\/\/www.campingdomainedegajan.com\/wp-content\/uploads\/2022\/05\/CIMG2996-Copier.jpg\" alt=\"Camping Sommi&#xE8;res Near Nimes | Domaine De Gajan : Cimg2996 Copy\" class=\"wp-image-1013\" srcset=\"https:\/\/www.campingdomainedegajan.com\/wp-content\/uploads\/2022\/05\/CIMG2996-Copier.jpg 1024w, https:\/\/www.campingdomainedegajan.com\/wp-content\/uploads\/2022\/05\/CIMG2996-Copier-300x225.jpg 300w, https:\/\/www.campingdomainedegajan.com\/wp-content\/uploads\/2022\/05\/CIMG2996-Copier-768x576.jpg 768w\" sizes=\"(max-width: 1024px) 100vw, 1024px\" \/><\/figure><\/div>\n\n\n\n<div class=\"wp-block-column\">\n<figure class=\"wp-block-gallery has-nested-images columns-default is-cropped\">\n<figure class=\"wp-block-image size-full\"><img loading=\"lazy\" width=\"1000\" height=\"750\" src=\"https:\/\/www.campingdomainedegajan.com\/wp-content\/uploads\/2022\/05\/DSCN30451.jpg\" alt=\"Campsite Sommi&#xE8;res Near Nimes | Domaine De Gajan : Dscn30451\" class=\"wp-image-1007\" srcset=\"https:\/\/www.campingdomainedegajan.com\/wp-content\/uploads\/2022\/05\/DSCN30451.jpg 1000w, https:\/\/www.campingdomainedegajan.com\/wp-content\/uploads\/2022\/05\/DSCN30451-300x225.jpg 300w, https:\/\/www.campingdomainedegajan.com\/wp-content\/uploads\/2022\/05\/DSCN30451-768x576.jpg 768w\" sizes=\"(max-width: 1000px) 100vw, 1000px\" \/><\/figure>\n\n\n<figure class=\"wp-block-image size-full\"><img loading=\"lazy\" width=\"1024\" height=\"768\" src=\"https:\/\/www.campingdomainedegajan.com\/wp-content\/uploads\/2022\/05\/DSCN4255-Copier1.jpg\" alt=\"Camping Sommi&#xE8;res Near Nimes | Domaine De Gajan : Dscn4255 Copy1\" class=\"wp-image-1011\" srcset=\"https:\/\/www.campingdomainedegajan.com\/wp-content\/uploads\/2022\/05\/DSCN4255-Copier1.jpg 1024w, https:\/\/www.campingdomainedegajan.com\/wp-content\/uploads\/2022\/05\/DSCN4255-Copier1-300x225.jpg 300w, https:\/\/www.campingdomainedegajan.com\/wp-content\/uploads\/2022\/05\/DSCN4255-Copier1-768x576.jpg 768w\" sizes=\"(max-width: 1024px) 100vw, 1024px\" \/><\/figure><\/figure>\n\n\n\n<h2 class=\"has-secondary-dark-color has-text-color\" id=\"partez-en-vacances-en-camping-dans-l-herault-34-et-profitez-de-nombreuses-activites-proposees\">Go on vacation in a campsite in the H\u00e9rault (34) and enjoy the many activities offered<\/h2>\n\n\n\n<h3 class=\"has-primary-color has-text-color\" id=\"activites-loisirs-a-pratiquer-sur-le-camping\">Activities &amp; Leisures to practice on the campsite<\/h3>\n\n\n\n<p class=\"has-font-dark-color has-text-color\">The <a href=\"https:\/\/www.campingdomainedegajan.com\/en\/\" data-type=\"page\" data-id=\"5\">Domaine de Gajan campsite<\/a> in the Herault 34 offers daytime activities for all ages and also evening activities for<strong> vacations with family or friends<\/strong>.<\/p>\n\n\n\n<p class=\"has-font-dark-color has-text-color\"><strong>The Home Ball <\/strong>: a new concept of ball games: It is a field surrounded by net of 8m50X8m50. You can play home ball soccer, home ball hand. The rules of the game are posted at the entrance of the field, colored targets make you win or lose points!<\/p>\n\n\n\n<p class=\"has-font-dark-color has-text-color\"><strong>An inflatable structure<\/strong>: An 11 meter long obstacle course combines a large slide, a forest of studs and tunnels. access to the structure is only under the supervision of a parent.<\/p>\n\n\n\n<div class=\"wp-container-69f5e9066c389 wp-block-buttons\">\n<div class=\"wp-block-button btn_resa\"><a class=\"wp-block-button__link has-primary-background-color has-background\">Book now!<\/a><\/div>\n\n\n\n<div class=\"wp-block-button hebergements\"><a class=\"wp-block-button__link has-font-dark-color has-text-color\" href=\"https:\/\/www.campingdomainedegajan.com\/en\/lodging\/\">Discover the accommodations<\/a><\/div>\n<\/div>\n<\/div>\n<\/div>\n<\/div><\/div>\n\n<div class=\"wp-container-69f5e9066cafc wp-block-group ligne_pictos_1\">\n<p class=\"has-text-align-center\"><i class=\"fa-regular fa-swimming-pool\"><\/i>  Water park with heated pool and slides of 200m\u00b2.<\/p>\n\n\n\n<p class=\"has-text-align-center\"><i class=\"fa-regular fa-child\"><\/i>  A playground for children<\/p>\n\n\n\n<p class=\"has-text-align-center\"><i class=\"fa-regular fa-futbol\"><\/i>  Sports facilities (soccer, petanque)<\/p>\n\n\n\n<p class=\"has-text-align-center\"><i class=\"fa-regular fa-swimmer\"><\/i>  Aquagym 5\/7 days for adults in July and August.<\/p>\n\n\n\n<p class=\"has-text-align-center\"><i class=\"fa-regular fa-bow-arrow\"><\/i>  Archery initiation (July and August)<\/p>\n\n\n\n<p class=\"has-text-align-center\"><i class=\"fa-regular fa-ball-pile\"><\/i>  Foosball, pinball, billiards<\/p>\n<\/div>\n\n<section class=\"wp-container-69f5e9066ce83 wp-block-group\"><div class=\"wp-block-group__inner-container\">\r\n    <div class=\"agenda_intro\">\r\n    <span class=\"agenda_dateselect\"><input type=\"text\" id=\"basicDate\" placeholder=\"Please select Date Time\" data-input><\/span>\r\n    <\/div>\r\n    <div class=\"agenda\">\r\n    <\/div>\r\n    \n<\/div><\/section>\n\n<section class=\"wp-container-69f5e9066d9f1 wp-block-group alignfull F-25-a\"><div class=\"wp-block-group__inner-container\">\n<div class=\"wp-block-columns are-vertically-aligned-center\">\n<div class=\"wp-block-column is-vertically-aligned-center\">\n<figure class=\"wp-block-image size-full\"><img loading=\"lazy\" width=\"1000\" height=\"750\" src=\"https:\/\/www.campingdomainedegajan.com\/wp-content\/uploads\/2022\/05\/DSCN30071.jpg\" alt=\"Campsite Sommi&#xE8;res Near Nimes | Domaine De Gajan : Dscn30071\" class=\"wp-image-1028\" srcset=\"https:\/\/www.campingdomainedegajan.com\/wp-content\/uploads\/2022\/05\/DSCN30071.jpg 1000w, https:\/\/www.campingdomainedegajan.com\/wp-content\/uploads\/2022\/05\/DSCN30071-300x225.jpg 300w, https:\/\/www.campingdomainedegajan.com\/wp-content\/uploads\/2022\/05\/DSCN30071-768x576.jpg 768w\" sizes=\"(max-width: 1000px) 100vw, 1000px\" \/><\/figure><\/div>\n\n\n\n<div class=\"wp-block-column is-vertically-aligned-center\" style=\"flex-basis:40%\">\n<h2 class=\"has-text-align-center has-tertiary-color has-text-color\" id=\"au-domaine-de-gajan-la-reussite-des-vacances-de-vos-enfants-fait-partie-de-notre-priorite\">At the Domaine de Gajan, the success of your children&#8217;s vacations is our priority<\/h2>\n\n\n\n<p class=\"has-text-align-center\">For the youngest (from 6 to 12 years old) we have a <strong>free<\/strong> <strong>mini-club<\/strong> (children&#8217;s club) open in the mornings 5 days a week in July\/August and during the Easter school vacations.<\/p>\n\n\n\n<div class=\"wp-container-69f5e9066d2cb wp-block-group ligne_pictos_3\">\n<p class=\"has-text-align-left\"><i class=\"fa-regular fa-music\"><\/i>  Songs, dance<\/p>\n\n\n\n<p class=\"has-text-align-left\"><i class=\"fa-regular fa-tennis-ball\"><\/i>  Ball games<\/p>\n\n\n\n<p class=\"has-text-align-left\"><i class=\"fa-regular fa-paintbrush\"><\/i>  Creative hobbies<br\/><\/p>\n<\/div>\n\n\n\n<p class=\"has-text-align-center\">The teenagers and adults activities take place in the afternoon 5 days out of 7 in July\/August (volleyball tournament, soccer, water polo, photo rally, archery, walks around the campsite&#8230;) <strong>Our team of animators<\/strong> will delight your children for unforgettable vacations. All together they will be able to create, play, enjoy and have fun around many activities:<\/p>\n\n\n\n<div class=\"wp-container-69f5e9066d630 wp-block-buttons\">\n<div class=\"wp-block-button galerie\"><a class=\"wp-block-button__link has-secondary-dark-color has-secondary-background-color has-text-color has-background\" href=\"https:\/\/www.campingdomainedegajan.com\/en\/photo-gallery\/\">Photo gallery<\/a><\/div>\n<\/div>\n<\/div>\n\n\n\n<div class=\"wp-block-column is-vertically-aligned-center\">\n<figure class=\"wp-block-image size-full\"><img loading=\"lazy\" width=\"508\" height=\"463\" src=\"https:\/\/www.campingdomainedegajan.com\/wp-content\/uploads\/2022\/05\/home_animations01.jpg\" alt=\"\" class=\"wp-image-664\" srcset=\"https:\/\/www.campingdomainedegajan.com\/wp-content\/uploads\/2022\/05\/home_animations01.jpg 508w, https:\/\/www.campingdomainedegajan.com\/wp-content\/uploads\/2022\/05\/home_animations01-300x273.jpg 300w\" sizes=\"(max-width: 508px) 100vw, 508px\" \/><\/figure><\/div>\n<\/div>\n<\/div><\/section>\n\n<section class=\"wp-container-69f5e9066de7a wp-block-group F-10-a\"><div class=\"wp-block-group__inner-container\">\n<div class=\"wp-block-columns are-vertically-aligned-center\">\n<div class=\"wp-block-column is-vertically-aligned-center\" style=\"flex-basis:35%\">\n<h3 class=\"has-tertiary-color has-text-color\" id=\"soirees-a-themes-et-animations-familiales-sont-aussi-organisees-en-juillet-et-aout\">Themed evenings and family events are also organized in July and August<\/h3>\n\n\n\n<ul class=\"column-mob has-font-dark-color has-text-color\"><li>Shows (cabaret, hypnosis&#8230;)<\/li><li>Game nights (lotto, blindtest&#8230;)<\/li><li>Mussels and French fries evenings<\/li><li>Karaoke nights<\/li><li>Disguised evenings<\/li><li>Dance parties<\/li><li>And much more&#8230;.<\/li><\/ul>\n\n\n<p class=\"has-font-dark-color has-text-color\">The Camping Domaine de Gajan is also a <strong>quiet campsite<\/strong>. Live the full of emotion during the day and until the end of the evening animations (about 23:00), then, the return to calm is required on all the campsite. If you want to live a festive vacation at night, you will not find your happiness at the Domaine de Gajan.<\/p>\n<\/div>\n\n\n\n<div class=\"wp-block-column is-vertically-aligned-center\" style=\"flex-basis:60%\">\n<figure class=\"wp-block-gallery has-nested-images columns-default is-cropped\">\n<figure class=\"wp-block-image size-large\"><img loading=\"lazy\" width=\"1024\" height=\"686\" src=\"https:\/\/www.campingdomainedegajan.com\/wp-content\/uploads\/2022\/05\/DSC07011-Copier-1024x686.jpg\" alt=\"Camping Sommi&#xE8;res Near N&#xEE;mes : Sony Dsc\" class=\"wp-image-1045\" srcset=\"https:\/\/www.campingdomainedegajan.com\/wp-content\/uploads\/2022\/05\/DSC07011-Copier-1024x686.jpg 1024w, https:\/\/www.campingdomainedegajan.com\/wp-content\/uploads\/2022\/05\/DSC07011-Copier-300x201.jpg 300w, https:\/\/www.campingdomainedegajan.com\/wp-content\/uploads\/2022\/05\/DSC07011-Copier-768x514.jpg 768w, https:\/\/www.campingdomainedegajan.com\/wp-content\/uploads\/2022\/05\/DSC07011-Copier.jpg 1147w\" sizes=\"(max-width: 1024px) 100vw, 1024px\" \/><\/figure>\n\n\n<figure class=\"wp-block-image size-full\"><img loading=\"lazy\" width=\"507\" height=\"463\" src=\"https:\/\/www.campingdomainedegajan.com\/wp-content\/uploads\/2022\/05\/home_animations02.jpg\" alt=\"\" class=\"wp-image-666\" srcset=\"https:\/\/www.campingdomainedegajan.com\/wp-content\/uploads\/2022\/05\/home_animations02.jpg 507w, https:\/\/www.campingdomainedegajan.com\/wp-content\/uploads\/2022\/05\/home_animations02-300x274.jpg 300w\" sizes=\"(max-width: 507px) 100vw, 507px\" \/><\/figure><\/figure>\n<\/div>\n<\/div>\n<\/div><\/section>\n","protected":false},"excerpt":{"rendered":"<p>Campsite in Camargue with many activities, animations and leisure for all Water park In the vicinity Go on vacation in a campsite in the H\u00e9rault (34) and enjoy the many activities offered Activities &amp; Leisures to practice on the campsite The Domaine de Gajan campsite in the Herault 34 offers daytime activities for all ages [&hellip;]<\/p>\n","protected":false},"author":1,"featured_media":0,"parent":0,"menu_order":0,"comment_status":"closed","ping_status":"closed","template":"","meta":[],"acf":[],"_links":{"self":[{"href":"https:\/\/www.campingdomainedegajan.com\/en\/wp-json\/wp\/v2\/pages\/1508"}],"collection":[{"href":"https:\/\/www.campingdomainedegajan.com\/en\/wp-json\/wp\/v2\/pages"}],"about":[{"href":"https:\/\/www.campingdomainedegajan.com\/en\/wp-json\/wp\/v2\/types\/page"}],"author":[{"embeddable":true,"href":"https:\/\/www.campingdomainedegajan.com\/en\/wp-json\/wp\/v2\/users\/1"}],"replies":[{"embeddable":true,"href":"https:\/\/www.campingdomainedegajan.com\/en\/wp-json\/wp\/v2\/comments?post=1508"}],"version-history":[{"count":3,"href":"https:\/\/www.campingdomainedegajan.com\/en\/wp-json\/wp\/v2\/pages\/1508\/revisions"}],"predecessor-version":[{"id":1580,"href":"https:\/\/www.campingdomainedegajan.com\/en\/wp-json\/wp\/v2\/pages\/1508\/revisions\/1580"}],"wp:attachment":[{"href":"https:\/\/www.campingdomainedegajan.com\/en\/wp-json\/wp\/v2\/media?parent=1508"}],"curies":[{"name":"wp","href":"https:\/\/api.w.org\/{rel}","templated":true}]}}