{"id":1494,"date":"2023-04-17T17:20:05","date_gmt":"2023-04-17T15:20:05","guid":{"rendered":"https:\/\/www.campingdomainedegajan.com\/discover-the-best-lakes-located-in-the-herault-near-the-gajan-campsite\/"},"modified":"2023-04-17T17:20:07","modified_gmt":"2023-04-17T15:20:07","slug":"discover-the-best-lakes-located-in-the-herault-near-the-gajan-campsite","status":"publish","type":"page","link":"https:\/\/www.campingdomainedegajan.com\/en\/discover-the-best-lakes-located-in-the-herault-near-the-gajan-campsite\/","title":{"rendered":"Discover the best lakes located in the H\u00e9rault, near the Gajan campsite"},"content":{"rendered":"\n<h1 id=\"decouvrez-les-meilleurs-lacs-situes-dans-l-herault-pres-du-camping-de-gajan\">Discover the best lakes located in the H\u00e9rault, near the Gajan campsite<\/h1>\n\n<div class=\"wp-block-columns\">\n<div class=\"wp-block-column\" style=\"flex-basis:33.33%\">\n<figure class=\"wp-block-image size-large\"><img loading=\"lazy\" width=\"1024\" height=\"680\" src=\"https:\/\/www.campingdomainedegajan.com\/wp-content\/uploads\/2023\/03\/baignade-lac-herault-1024x680.jpg\" alt=\"Camping Sommi&#xE8;res Near N&#xEE;mes | Domaine De Gajan : Bathing Lake Herault\" class=\"wp-image-1445\" srcset=\"https:\/\/www.campingdomainedegajan.com\/wp-content\/uploads\/2023\/03\/baignade-lac-herault-1024x680.jpg 1024w, https:\/\/www.campingdomainedegajan.com\/wp-content\/uploads\/2023\/03\/baignade-lac-herault-300x199.jpg 300w, https:\/\/www.campingdomainedegajan.com\/wp-content\/uploads\/2023\/03\/baignade-lac-herault-768x510.jpg 768w, https:\/\/www.campingdomainedegajan.com\/wp-content\/uploads\/2023\/03\/baignade-lac-herault-1536x1020.jpg 1536w, https:\/\/www.campingdomainedegajan.com\/wp-content\/uploads\/2023\/03\/baignade-lac-herault.jpg 1920w\" sizes=\"(max-width: 1024px) 100vw, 1024px\" \/><\/figure>\n\n\n<p class=\"has-text-align-center has-small-font-size\">Source : <a href=\"https:\/\/www.herault-tourisme.com\/fr\/decouvrir\/la-nature\/lacs\/\">herault-tourism<\/a><\/p>\n<\/div>\n\n\n\n<div class=\"wp-block-column is-vertically-aligned-center\" style=\"flex-basis:66.66%\">\n<p><strong>The H\u00e9rault in the south-east of France offers an ideal setting for vacations<\/strong>. Indeed, lovers of swimming, water sports and outdoor activities are quickly seduced by the many lakes in the department. These beautiful stretches of water, away from the crowds, allow you to spend some very pleasant moments with your family during your <a href=\"https:\/\/www.campingdomainedegajan.com\/en\/\">camping vacations in the H\u00e9rault<\/a>.<\/p>\n<\/div>\n<\/div>\n\n<h2 id=\"partir-a-la-decouverte-des-plus-beaux-lacs-de-l-herault\">Discover the most beautiful lakes of the H\u00e9rault<\/h2>\n\n<div class=\"wp-block-columns\">\n<div class=\"wp-block-column\">\n<p>Some of the <strong>lakes in the H\u00e9rault<\/strong> are less well known than others, but all of them invite you to relax, to go for a walk or to practice sports and water activities. These places located in the <a href=\"https:\/\/www.campingdomainedegajan.com\/en\/surroundings\/\">vicinity of the Domaine de Gajan campsite<\/a> are very pleasant to recharge your batteries and find some freshness in the summer period.<\/p>\n\n\n\n<h3 id=\"lac-du-cres\">Lake of Cr\u00e8s<\/h3>\n\n\n\n<p><strong>Only 20 minutes by car from the Domaine de Gajan<\/strong>, the <strong>lake of Cr\u00e8s<\/strong> is ideal for a family day out in nature. This pleasant lake offers a swimming area in season, possibilities for walking or cycling and games for children.<\/p>\n\n\n\n<h3 id=\"lac-de-matane\">Lake Matane<\/h3>\n\n\n\n<p>This lake, also called <strong>Pascaye or Claret lake<\/strong>, offers a view on the mountains and the limestone cliffs. This place is perfect for those who want to get away from the crowd and recharge their batteries. Indeed, it is <strong>located 25 minutes by car from the Gajan domain<\/strong> and it will take you <strong>30 minutes to walk to this beautiful artificial lake<\/strong>.<\/p>\n\n\n\n<h3 id=\"lac-de-la-jasse\">Lake of Jasse<\/h3>\n\n\n\n<p>Located <strong>35 minutes from the campsite in Boisseron<\/strong>, the <strong>lake of Jasse in Saint-Martin-de-Londres<\/strong> is nestled in the heart of the garrigue. This water reservoir, little known by tourists but frequented by locals, offers a view of the Pic Saint-Loup and allows for the pleasure of fishing.<\/p>\n\n\n\n<figure class=\"wp-block-image size-large\"><img loading=\"lazy\" width=\"1024\" height=\"576\" src=\"https:\/\/www.campingdomainedegajan.com\/wp-content\/uploads\/2023\/03\/lac-de-la-jasse-herault-2-1024x576.jpg\" alt=\"lake of la jasse in the herault\" class=\"wp-image-1443\" srcset=\"https:\/\/www.campingdomainedegajan.com\/wp-content\/uploads\/2023\/03\/lac-de-la-jasse-herault-2-1024x576.jpg 1024w, https:\/\/www.campingdomainedegajan.com\/wp-content\/uploads\/2023\/03\/lac-de-la-jasse-herault-2-300x169.jpg 300w, https:\/\/www.campingdomainedegajan.com\/wp-content\/uploads\/2023\/03\/lac-de-la-jasse-herault-2-768x432.jpg 768w, https:\/\/www.campingdomainedegajan.com\/wp-content\/uploads\/2023\/03\/lac-de-la-jasse-herault-2-1536x864.jpg 1536w, https:\/\/www.campingdomainedegajan.com\/wp-content\/uploads\/2023\/03\/lac-de-la-jasse-herault-2-2048x1152.jpg 2048w\" sizes=\"(max-width: 1024px) 100vw, 1024px\" \/><\/figure>\n\n\n<p class=\"has-text-align-center has-small-font-size\">Lake of Jasse<\/p>\n<\/div>\n\n\n\n<div class=\"wp-block-column\">\n<figure class=\"wp-block-image size-large\"><img loading=\"lazy\" width=\"1024\" height=\"671\" src=\"https:\/\/www.campingdomainedegajan.com\/wp-content\/uploads\/2023\/03\/lac-ceceles-herault-1-1024x671.jpg\" alt=\"Lake of C&#xE9;c&#xE9;l&#xE8;s in the herault\" class=\"wp-image-1441\" srcset=\"https:\/\/www.campingdomainedegajan.com\/wp-content\/uploads\/2023\/03\/lac-ceceles-herault-1-1024x671.jpg 1024w, https:\/\/www.campingdomainedegajan.com\/wp-content\/uploads\/2023\/03\/lac-ceceles-herault-1-300x197.jpg 300w, https:\/\/www.campingdomainedegajan.com\/wp-content\/uploads\/2023\/03\/lac-ceceles-herault-1-768x503.jpg 768w, https:\/\/www.campingdomainedegajan.com\/wp-content\/uploads\/2023\/03\/lac-ceceles-herault-1.jpg 1099w\" sizes=\"(max-width: 1024px) 100vw, 1024px\" \/><\/figure>\n\n\n<p class=\"has-text-align-center has-small-font-size\">Lake of C\u00e9c\u00e9l\u00e8s<\/p>\n\n\n\n<h3 id=\"lac-de-ceceles\">Lake of C\u00e9c\u00e9l\u00e8s<\/h3>\n\n\n\n<p>This little corner of paradise, <strong>25 minutes from the campsite<\/strong>, is located at the foot of the Pic Saint-Loup. The waters of the lake are a real enchantment with their turquoise or emerald color. In this haven of peace, you can contemplate, relax or take a walk around the <strong>lake of C\u00e9c\u00e9l\u00e8s<\/strong> (about 30 to 40 minutes).<\/p>\n\n\n\n<h3 id=\"lac-des-olivettes\">Lake of Olivettes<\/h3>\n\n\n\n<p>Enjoy hiking, mountain biking, swimming (unsupervised) or fishing in one place only <strong>1 hour drive from the Domaine de Gajan<\/strong>. This lake is surrounded by wooded hills and offers shady spots perfect for a nap or a family picnic.<\/p>\n\n\n\n<h3 id=\"lac-du-salagou\">Lake Salagou<\/h3>\n\n\n\n<p><strong>Also located at 1 hour drive from the 4 star campsite in Boisseron<\/strong>, discover the<strong> Salagou lake<\/strong>, a place not to be missed during your <strong>stay in the H\u00e9rault<\/strong>. This expanse of water of 7 km\u00b2 surprises by its colors, between the deep blue of its waters, the ochre color of the earth and the green of the surrounding forests. This protected and classified site allows to practice multiple activities (nautical, hikes, mountain bike, via-ferrata, etc.).<\/p>\n<\/div>\n<\/div>\n\n<h2 id=\"pratiquer-des-activites-aux-lacs-et-dans-la-riviere-herault\">Practice activities at the lakes and in the river Herault<\/h2>\n\n<p>The <strong>lakes and river in Herault<\/strong> invite you to rest, but also to practice many activities of all kinds and accessible to all.<\/p>\n\n<h3 id=\"la-peche-en-lac-dans-l-herault\">Lake fishing in the H\u00e9rault<\/h3>\n\n<p><strong> Fishing enthusiasts<\/strong> have a great time in the <strong>lakes of the H\u00e9rault<\/strong>. Indeed, the waters of these ponds are full of <strong>trout, pike, pike-perch<\/strong> and <strong>perch<\/strong>. Fishing is a fun and instructive activity for children in a beautiful landscape.<\/p>\n\n<h3 id=\"des-activites-nautiques-dans-les-rivieres-et-les-fleuves-heraultais\">Water activities in the rivers of the H\u00e9rault<\/h3>\n\n<p>The <strong>rivers and streams of the H\u00e9rault<\/strong> (Le Vidourle, l&#8217;H\u00e9rault) allow for <strong>beautiful canoeing<\/strong> or <strong>kayaking<\/strong> <strong>trips<\/strong>, to breathe the fresh air, to admire waterfalls, to swim or simply to relax in the heart of an exceptional nature.<\/p>\n\n<div class=\"wp-block-columns\">\n<div class=\"wp-block-column\" style=\"flex-basis:33.33%\">\n<div class=\"wp-block-image\"><figure class=\"alignleft size-full\"><img loading=\"lazy\" width=\"800\" height=\"533\" src=\"https:\/\/www.campingdomainedegajan.com\/wp-content\/uploads\/2023\/03\/gorges-herault-1.jpg\" alt=\"gorges de l'h&#xE9;rault\" class=\"wp-image-1475\" srcset=\"https:\/\/www.campingdomainedegajan.com\/wp-content\/uploads\/2023\/03\/gorges-herault-1.jpg 800w, https:\/\/www.campingdomainedegajan.com\/wp-content\/uploads\/2023\/03\/gorges-herault-1-300x200.jpg 300w, https:\/\/www.campingdomainedegajan.com\/wp-content\/uploads\/2023\/03\/gorges-herault-1-768x512.jpg 768w\" sizes=\"(max-width: 800px) 100vw, 800px\" \/><\/figure><\/div>\n<\/div>\n\n\n\n<div class=\"wp-block-column is-vertically-aligned-center\" style=\"flex-basis:66.66%\">\n<h3 id=\"les-gorges-de-l-herault-a-proximite-des-lacs\">The Gorges of the H\u00e9rault near the lakes<\/h3>\n\n\n\n<p>One hour&#8217;s drive from the campsite, <a href=\"https:\/\/www.montpellier-tourisme.fr\/decouvrir\/au-coeur-de-la-nature\/autour-de-montpellier-cote-garrigues\/les-gorges-de-l-herault\">the Herault gorges<\/a> are one of the places not to be missed during your vacations. This wild and preserved site seduces all lovers of nature activities (hiking, canoeing, mountain biking, climbing, etc.). It also allows you to discover one of the most beautiful villages of the H\u00e9rault, the <a href=\"https:\/\/www.campingdomainedegajan.com\/en\/alentours\/saint-guilhem-le-desert-2\/\">medieval village of Saint-Guilhem-le-D\u00e9sert<\/a>.<\/p>\n\n\n\n<p>Known for its coastline, <strong>the hinterland of the H\u00e9rault and its magnificent lakes<\/strong> are also worth a visit during your <strong>stay at the Domaine de Gajan campsite<\/strong>.<\/p>\n<\/div>\n<\/div>\n\n<div style=\"height:50px\" aria-hidden=\"true\" class=\"wp-block-spacer\"><\/div>\n","protected":false},"excerpt":{"rendered":"<p>Discover the best lakes located in the H\u00e9rault, near the Gajan campsite Source : herault-tourism The H\u00e9rault in the south-east of France offers an ideal setting for vacations. Indeed, lovers of swimming, water sports and outdoor activities are quickly seduced by the many lakes in the department. These beautiful stretches of water, away from the [&hellip;]<\/p>\n","protected":false},"author":1,"featured_media":0,"parent":0,"menu_order":0,"comment_status":"closed","ping_status":"closed","template":"","meta":[],"acf":[],"_links":{"self":[{"href":"https:\/\/www.campingdomainedegajan.com\/en\/wp-json\/wp\/v2\/pages\/1494"}],"collection":[{"href":"https:\/\/www.campingdomainedegajan.com\/en\/wp-json\/wp\/v2\/pages"}],"about":[{"href":"https:\/\/www.campingdomainedegajan.com\/en\/wp-json\/wp\/v2\/types\/page"}],"author":[{"embeddable":true,"href":"https:\/\/www.campingdomainedegajan.com\/en\/wp-json\/wp\/v2\/users\/1"}],"replies":[{"embeddable":true,"href":"https:\/\/www.campingdomainedegajan.com\/en\/wp-json\/wp\/v2\/comments?post=1494"}],"version-history":[{"count":1,"href":"https:\/\/www.campingdomainedegajan.com\/en\/wp-json\/wp\/v2\/pages\/1494\/revisions"}],"predecessor-version":[{"id":1495,"href":"https:\/\/www.campingdomainedegajan.com\/en\/wp-json\/wp\/v2\/pages\/1494\/revisions\/1495"}],"wp:attachment":[{"href":"https:\/\/www.campingdomainedegajan.com\/en\/wp-json\/wp\/v2\/media?parent=1494"}],"curies":[{"name":"wp","href":"https:\/\/api.w.org\/{rel}","templated":true}]}}