{"id":1488,"date":"2023-04-17T17:18:56","date_gmt":"2023-04-17T15:18:56","guid":{"rendered":"https:\/\/www.campingdomainedegajan.com\/surroundings\/"},"modified":"2023-04-17T17:18:57","modified_gmt":"2023-04-17T15:18:57","slug":"surroundings","status":"publish","type":"page","link":"https:\/\/www.campingdomainedegajan.com\/en\/surroundings\/","title":{"rendered":"Surroundings"},"content":{"rendered":"\n<section class=\"wp-container-69f26f49a4a82 wp-block-group alignfull F-00-a svg_bottom\"><div class=\"wp-block-group__inner-container\">\n<div class=\"wp-block-cover\"><span aria-hidden=\"true\" class=\"has-background-dim-0 wp-block-cover__gradient-background has-background-dim\"><\/span><img loading=\"lazy\" width=\"1920\" height=\"1049\" class=\"wp-block-cover__image-background wp-image-881\" alt=\"camping herault languedoc roussillon\" src=\"https:\/\/www.campingdomainedegajan.com\/wp-content\/uploads\/2022\/05\/pont_du_gard.jpg\" data-object-fit=\"cover\" srcset=\"https:\/\/www.campingdomainedegajan.com\/wp-content\/uploads\/2022\/05\/pont_du_gard.jpg 1920w, https:\/\/www.campingdomainedegajan.com\/wp-content\/uploads\/2022\/05\/pont_du_gard-300x164.jpg 300w, https:\/\/www.campingdomainedegajan.com\/wp-content\/uploads\/2022\/05\/pont_du_gard-1024x559.jpg 1024w, https:\/\/www.campingdomainedegajan.com\/wp-content\/uploads\/2022\/05\/pont_du_gard-768x420.jpg 768w, https:\/\/www.campingdomainedegajan.com\/wp-content\/uploads\/2022\/05\/pont_du_gard-1536x839.jpg 1536w\" sizes=\"(max-width: 1920px) 100vw, 1920px\" \/><div class=\"wp-block-cover__inner-container\">\n<p class=\"has-text-align-center has-large-font-size\"><\/p>\n<\/div><\/div>\n<\/div><\/section>\n\n<div class=\"wp-container-69f26f49a521c wp-block-group F-35-a\"><div class=\"wp-block-group__inner-container\">\n<div class=\"wp-block-columns are-vertically-aligned-center\">\n<div class=\"wp-block-column is-vertically-aligned-center\">\n<div class=\"wp-container-69f26f49a4e6f wp-block-group ligne_pictos_1\">\n<p class=\"has-text-align-center\"><i class=\"fa-regular fa-home-heart\"><\/i>  Nature walks<\/p>\n\n\n\n<p class=\"has-text-align-center\"><i class=\"fa-regular fa-tree-deciduous\"><\/i>  Swimming in the sea or river<\/p>\n\n\n\n<p class=\"has-text-align-center\"><i class=\"fa-regular fa-blanket\"><\/i>  Tourist visits<\/p>\n<\/div>\n<\/div>\n\n\n\n<div class=\"wp-block-column is-vertically-aligned-center\">\n<h1 class=\"has-secondary-dark-color has-text-color\" id=\"decouvrez-notre-merveilleuse-region-le-languedoc-roussillon-et-l-occitanie\">Discover our wonderful region, Languedoc-Roussillon and Occitania<\/h1>\n<\/div>\n<\/div>\n<\/div><\/div>\n\n<section class=\"wp-container-69f26f49a5dd2 wp-block-group F-30-a\"><div class=\"wp-block-group__inner-container\">\n<div class=\"wp-block-columns are-vertically-aligned-top\">\n<div class=\"wp-block-column is-vertically-aligned-top\">\n<figure class=\"wp-block-gallery has-nested-images columns-default is-cropped\">\n<figure class=\"wp-block-image size-large\"><img loading=\"lazy\" width=\"1024\" height=\"768\" src=\"https:\/\/www.campingdomainedegajan.com\/wp-content\/uploads\/2022\/05\/pont-du-gard-1024x768.jpg\" alt=\"Camping Sommi&#xE8;res Near N&#xEE;mes | Domaine De Gajan : Pont Du Gard\" class=\"wp-image-1070\" srcset=\"https:\/\/www.campingdomainedegajan.com\/wp-content\/uploads\/2022\/05\/pont-du-gard-1024x768.jpg 1024w, https:\/\/www.campingdomainedegajan.com\/wp-content\/uploads\/2022\/05\/pont-du-gard-300x225.jpg 300w, https:\/\/www.campingdomainedegajan.com\/wp-content\/uploads\/2022\/05\/pont-du-gard-768x576.jpg 768w, https:\/\/www.campingdomainedegajan.com\/wp-content\/uploads\/2022\/05\/pont-du-gard-1536x1152.jpg 1536w, https:\/\/www.campingdomainedegajan.com\/wp-content\/uploads\/2022\/05\/pont-du-gard.jpg 1600w\" sizes=\"(max-width: 1024px) 100vw, 1024px\" \/><\/figure>\n\n\n<figure class=\"wp-block-image size-full\"><img loading=\"lazy\" width=\"500\" height=\"375\" src=\"https:\/\/www.campingdomainedegajan.com\/wp-content\/uploads\/2022\/05\/plage-grande-motte1.jpg\" alt=\"Campsite Sommi&#xE8;res Near N&#xEE;mes | Domaine De Gajan : Grande Motte Beach1\" class=\"wp-image-1082\" srcset=\"https:\/\/www.campingdomainedegajan.com\/wp-content\/uploads\/2022\/05\/plage-grande-motte1.jpg 500w, https:\/\/www.campingdomainedegajan.com\/wp-content\/uploads\/2022\/05\/plage-grande-motte1-300x225.jpg 300w\" sizes=\"(max-width: 500px) 100vw, 500px\" \/><\/figure>\n\n\n<figure class=\"wp-block-image size-large\"><img loading=\"lazy\" width=\"1024\" height=\"768\" src=\"https:\/\/www.campingdomainedegajan.com\/wp-content\/uploads\/2022\/05\/salins-aigues-mortes-1024x768.jpg\" alt=\"Camping Sommi&#xE8;res Near N&#xEE;mes | Domaine De Gajan : Salins Aigues Mortes\" class=\"wp-image-1098\" srcset=\"https:\/\/www.campingdomainedegajan.com\/wp-content\/uploads\/2022\/05\/salins-aigues-mortes-1024x768.jpg 1024w, https:\/\/www.campingdomainedegajan.com\/wp-content\/uploads\/2022\/05\/salins-aigues-mortes-300x225.jpg 300w, https:\/\/www.campingdomainedegajan.com\/wp-content\/uploads\/2022\/05\/salins-aigues-mortes-768x576.jpg 768w, https:\/\/www.campingdomainedegajan.com\/wp-content\/uploads\/2022\/05\/salins-aigues-mortes-1536x1152.jpg 1536w, https:\/\/www.campingdomainedegajan.com\/wp-content\/uploads\/2022\/05\/salins-aigues-mortes-2048x1536.jpg 2048w\" sizes=\"(max-width: 1024px) 100vw, 1024px\" \/><\/figure><\/figure>\n<\/div>\n\n\n\n<div class=\"wp-block-column is-vertically-aligned-top\">\n<h2 class=\"has-secondary-dark-color has-text-color\" id=\"choisissez-le-mode-d-hebergement-qui-vous-convient-a-sommieres\">Visit the H\u00e9rault, the Gard, the Camargue&#8230;<\/h2>\n\n\n\n<p class=\"has-font-dark-color has-text-color\">Ideally located <strong>30 km from the sea<\/strong>, our <a href=\"https:\/\/www.campingdomainedegajan.com\/en\/\" data-type=\"page\" data-id=\"5\">4 star campsite in the H\u00e9rault<\/a> is in the heart of<strong> Languedoc-Roussillon, the new Occitanie region<\/strong>. It is located more precisely in <a rel=\"noreferrer noopener\" href=\"http:\/\/www.herault-tourisme.com\/accueil-1-1.html\" target=\"_blank\">the H\u00e9rault<\/a> (34), at the doors of the <a rel=\"noreferrer noopener\" href=\"http:\/\/www.tourismegard.com\/\" target=\"_blank\">Gard<\/a> department (30). Discover the <a rel=\"noreferrer noopener\" href=\"http:\/\/www.camargue.fr\/\" target=\"_blank\">Camargue<\/a> region and its treasures by spending your vacations on the Mediterranean coast for <strong>camping vacations in the South of France<\/strong>.<\/p>\n\n\n\n<p class=\"has-font-dark-color has-text-color\">Within a radius of 50 km from the campsite you will find all the essentials for a successful vacation. Locate on the map above the main <strong>tourist places or activities to do around the campsite<\/strong> and find out how far they are from the campsite. Click on the pictograms shown on the location map.<\/p>\n\n\n\n<p class=\"has-font-dark-color has-text-color\">Enjoy the many activities in our region. We have listed for you the main themes of your tourist escapade in the heart of nature from the <a rel=\"noreferrer noopener\" href=\"http:\/\/www.cevennes-tourisme.fr\/\" target=\"_blank\">Cevennes<\/a> to the Mediterranean:<\/p>\n\n\n\n<div class=\"wp-block-group lire-plus-pc\"><div class=\"wp-block-group__inner-container\">\n<p>Read more<\/p>\n\n\n\n<div class=\"wp-container-69f26f49a573e wp-block-group\"><div class=\"wp-block-group__inner-container\">\n<ul class=\"has-font-dark-color has-text-color\"><li>Climbing and via ferrata in the village of Boisseron at 1 km<\/li><li>Walk in the sea<\/li><li><a href=\"https:\/\/www.campingdomainedegajan.com\/en\/discover-the-best-lakes-located-in-the-herault-near-the-gajan-campsite\/\">Swimming in lakes<\/a> and rivers<\/li><li><a rel=\"noreferrer noopener\" href=\"http:\/\/www.ot-nimes.fr\/\" target=\"_blank\">Nimes <\/a>and its arena<\/li><li>Swimming in the sea, the most famous beaches near the campsite<\/li><li>Canoe kayak rental<\/li><li>Canyoning, Caving, descent of the H\u00e9rault gorges<\/li><li>Numerous walks and bike rides starting from the campsite<\/li><li><a href=\"https:\/\/www.campingdomainedegajan.com\/en\/alentours\/camping-lunel-4-stars\/\" data-type=\"alentours\" data-id=\"1105\">Lunel<\/a> and its huts<\/li><li>Cultural discovery on the Thaurac plateau of the southern C\u00e8vennes<\/li><li>Visit of <a href=\"https:\/\/www.campingdomainedegajan.com\/en\/alentours\/sommieres-2\/\">Villevieille-Sommi\u00e8res<\/a>: an enchanting place between vineyards, olive trees and garrigues.<\/li><li>Botanical and exotic park<\/li><li>Seaquarium<\/li><li>Visit of <a href=\"http:\/\/www.montpellier-tourisme.fr\/\">Montpellier<\/a><\/li><\/ul><\/div><\/div>\n<\/div><\/div>\n\n\n\n<div class=\"wp-container-69f26f49a5aad wp-block-buttons\">\n<div class=\"wp-block-button btn_resa\"><a class=\"wp-block-button__link has-primary-background-color has-background\">Book my stay<\/a><\/div>\n<\/div>\n<\/div>\n<\/div>\n<\/div><\/section>\n\n<div class=\"wp-block-columns grid-alentours\">\n<div class=\"wp-block-column\"><div class=\"wpgb-facet wpgb-loading wpgb-facet-1\" data-facet=\"1\" data-grid=\"1\"><\/div>\n\n<!-- Gridbuilder \u1d42\u1d3e Plugin (https:\/\/wpgridbuilder.com) -->\n<div class=\"wp-grid-builder wpgb-grid-1\" data-options=\"{&quot;id&quot;:1,&quot;type&quot;:&quot;masonry&quot;,&quot;source&quot;:&quot;post_type&quot;,&quot;loader&quot;:1,&quot;layout&quot;:&quot;vertical&quot;,&quot;reveal&quot;:0,&quot;isMainQuery&quot;:false,&quot;lazyLoad&quot;:1,&quot;cardSizes&quot;:{&quot;9999&quot;:{&quot;columns&quot;:3,&quot;height&quot;:240,&quot;gutter&quot;:0,&quot;ratio&quot;:&quot;1.33333&quot;},&quot;1276&quot;:{&quot;columns&quot;:2,&quot;height&quot;:240,&quot;gutter&quot;:0,&quot;ratio&quot;:&quot;1.33333&quot;},&quot;1023&quot;:{&quot;columns&quot;:2,&quot;height&quot;:220,&quot;gutter&quot;:0,&quot;ratio&quot;:&quot;1.33333&quot;},&quot;768&quot;:{&quot;columns&quot;:1,&quot;height&quot;:220,&quot;gutter&quot;:0,&quot;ratio&quot;:&quot;1.33333&quot;},&quot;576&quot;:{&quot;columns&quot;:1,&quot;height&quot;:200,&quot;gutter&quot;:0,&quot;ratio&quot;:&quot;1.33333&quot;},&quot;320&quot;:{&quot;columns&quot;:1,&quot;height&quot;:200,&quot;gutter&quot;:0,&quot;ratio&quot;:&quot;1.33333&quot;}},&quot;fitRows&quot;:0,&quot;equalRows&quot;:0,&quot;equalColumns&quot;:1,&quot;fillLastRow&quot;:0,&quot;centerLastRow&quot;:0,&quot;horizontalOrder&quot;:0,&quot;fullWidth&quot;:0,&quot;transitionDelay&quot;:100,&quot;gallerySlideshow&quot;:0,&quot;rowsNumber&quot;:1,&quot;slideAlign&quot;:&quot;left&quot;,&quot;groupCells&quot;:1,&quot;draggable&quot;:1,&quot;initialIndex&quot;:0,&quot;contain&quot;:0,&quot;freeScroll&quot;:0,&quot;freeFriction&quot;:&quot;0.075&quot;,&quot;friction&quot;:&quot;0.285&quot;,&quot;attraction&quot;:&quot;0.025&quot;,&quot;autoPlay&quot;:0,&quot;pageDotAriaLabel&quot;:&quot;Page dot %d&quot;,&quot;isPreview&quot;:false,&quot;isGutenberg&quot;:false,&quot;rightToLeft&quot;:false}\"><div class=\"wpgb-svg-icons\" hidden>\n\t<svg viewBox=\"0 0 120 24\" width=\"0\" height=\"0\">\n\t<defs>\n        <polygon id=\"wpgb-star-svg\" points=\"12 2.5 15.1 8.8 22 9.8 17 14.6 18.2 21.5 12 18.3 5.8 21.5 7 14.6 2 9.8 8.9 8.8\"><\/polygon>\n    <\/defs>\n    <symbol id=\"wpgb-rating-stars-svg\">\n        <use xlink:href=\"#wpgb-star-svg\"><\/use>\n        <use xlink:href=\"#wpgb-star-svg\" x=\"24\"><\/use>\n        <use xlink:href=\"#wpgb-star-svg\" x=\"48\"><\/use>\n        <use xlink:href=\"#wpgb-star-svg\" x=\"72\"><\/use>\n        <use xlink:href=\"#wpgb-star-svg\" x=\"96\"><\/use>\n    <\/symbol>\n<\/svg>\n<\/div>\n<div class=\"wpgb-wrapper\">\n\t<div class=\"wpgb-main\">\n\t<div class=\"wpgb-layout\">\n\t<div class=\"wpgb-viewport\">\n\t\t<div class=\"wpgb-masonry\">\n\t\t\t<article class=\"wpgb-card wpgb-card-2 wpgb-post-1540 bouton-grid-show\" data-col=\"1\" data-row=\"1\" data-format=\"standard\"><div class=\"wpgb-card-wrapper\"><div class=\"wpgb-card-inner\"><div class=\"wpgb-card-content wpgb-scheme-dark\"><div class=\"wpgb-card-body\"><h2 class=\"wpgb-block-2 titre-du-lieu wpgb-idle-scheme-1\">Site arch\u00e9ologique d&#8217;Ambrussum<\/h2><\/div><div class=\"wpgb-card-footer\"><\/div><\/div><\/div><\/div><\/article><article class=\"wpgb-card wpgb-card-2 wpgb-post-1534 bouton-grid-show\" data-col=\"1\" data-row=\"1\" data-format=\"standard\"><div class=\"wpgb-card-wrapper\"><div class=\"wpgb-card-inner\"><div class=\"wpgb-card-content wpgb-scheme-dark\"><div class=\"wpgb-card-body\"><h2 class=\"wpgb-block-2 titre-du-lieu wpgb-idle-scheme-1\">Plages de la Grande Motte<\/h2><\/div><div class=\"wpgb-card-footer\"><\/div><\/div><\/div><\/div><\/article><article class=\"wpgb-card wpgb-card-2 wpgb-post-1527 bouton-grid-show\" data-col=\"1\" data-row=\"1\" data-format=\"standard\"><div class=\"wpgb-card-wrapper\"><div class=\"wpgb-card-inner\"><div class=\"wpgb-card-content wpgb-scheme-dark\"><div class=\"wpgb-card-body\"><h2 class=\"wpgb-block-2 titre-du-lieu wpgb-idle-scheme-1\">N\u00eemes<\/h2><\/div><div class=\"wpgb-card-footer\"><p class=\"wpgb-block-8 ville-lieu wpgb-idle-scheme-2\">N\u00eemes<\/p><\/div><\/div><\/div><\/div><\/article><article class=\"wpgb-card wpgb-card-2 wpgb-post-1528 bouton-grid-show\" data-col=\"1\" data-row=\"1\" data-format=\"standard\"><div class=\"wpgb-card-wrapper\"><div class=\"wpgb-card-inner\"><div class=\"wpgb-card-media wpgb-scheme-light\"><svg data-ratio style=\"padding-top:75%\" viewBox=\"0 0 4 3\"><\/svg><div class=\"wpgb-card-media-thumbnail\"><a href=\"https:\/\/www.campingdomainedegajan.com\/wp-content\/uploads\/2022\/05\/Mairie_lunel.jpg\" tabindex=\"-1\" class=\"wpgb-handle-lb wpgb-lightbox\" data-type=\"image\" data-rel=\"1\" data-title=\"Mairie_lunel\" title=\"Enlarge photo\"><div class=\"wpgb-lazy-load\" data-wpgb-thumb=\"\" data-wpgb-src=\"https:\/\/www.campingdomainedegajan.com\/wp-content\/uploads\/2022\/05\/Mairie_lunel-768x576.jpg\"><\/div><noscript><img loading=\"lazy\" class=\"wpgb-noscript-img\" src=\"https:\/\/www.campingdomainedegajan.com\/wp-content\/uploads\/2022\/05\/Mairie_lunel-768x576.jpg\" alt=\"Camping Sommi\u00e8res Pr\u00e8s De N\u00eemes | Domaine De Gajan : Mairie Lunel\" height=\"576\" width=\"768\"><\/noscript><\/a><\/div><div class=\"wpgb-card-media-content\"><div class=\"wpgb-card-media-content-bottom\"><p class=\"wpgb-block-3\"><span class=\"wpgb-block-term wpgb-idle-scheme-3 wpgb-hover-accent-1\" data-id=\"29\">Cities<\/span><\/p><a class=\"wpgb-block-4 bouton-grid wpgb-idle-scheme-1 wpgb-hover-accent-1\" href=\"https:\/\/www.campingdomainedegajan.com\/en\/alentours\/camping-lunel-4-stars\/\">D\u00e9couvrir<\/a><\/div><\/div><\/div><div class=\"wpgb-card-content wpgb-scheme-dark\"><div class=\"wpgb-card-body\"><h2 class=\"wpgb-block-2 titre-du-lieu wpgb-idle-scheme-1\">Lunel<\/h2><\/div><div class=\"wpgb-card-footer\"><p class=\"wpgb-block-8 ville-lieu wpgb-idle-scheme-2\">Lunel<\/p><\/div><\/div><\/div><\/div><\/article><article class=\"wpgb-card wpgb-card-2 wpgb-post-1529 bouton-grid-show\" data-col=\"1\" data-row=\"1\" data-format=\"standard\"><div class=\"wpgb-card-wrapper\"><div class=\"wpgb-card-inner\"><div class=\"wpgb-card-content wpgb-scheme-dark\"><div class=\"wpgb-card-body\"><h2 class=\"wpgb-block-2 titre-du-lieu wpgb-idle-scheme-1\">Aigues-Mortes<\/h2><\/div><div class=\"wpgb-card-footer\"><p class=\"wpgb-block-8 ville-lieu wpgb-idle-scheme-2\">Aigues-Mortes<\/p><\/div><\/div><\/div><\/div><\/article><article class=\"wpgb-card wpgb-card-2 wpgb-post-1541 bouton-grid-show\" data-col=\"1\" data-row=\"1\" data-format=\"standard\"><div class=\"wpgb-card-wrapper\"><div class=\"wpgb-card-inner\"><div class=\"wpgb-card-content wpgb-scheme-dark\"><div class=\"wpgb-card-body\"><h2 class=\"wpgb-block-2 titre-du-lieu wpgb-idle-scheme-1\">La Cascade de la Vis<\/h2><\/div><div class=\"wpgb-card-footer\"><p class=\"wpgb-block-8 ville-lieu wpgb-idle-scheme-2\">Saint-Laurent-le-Minier<\/p><\/div><\/div><\/div><\/div><\/article><article class=\"wpgb-card wpgb-card-2 wpgb-post-1536 bouton-grid-show\" data-col=\"1\" data-row=\"1\" data-format=\"standard\"><div class=\"wpgb-card-wrapper\"><div class=\"wpgb-card-inner\"><div class=\"wpgb-card-content wpgb-scheme-dark\"><div class=\"wpgb-card-body\"><h2 class=\"wpgb-block-2 titre-du-lieu wpgb-idle-scheme-1\">Grotte des Demoiselles<\/h2><\/div><div class=\"wpgb-card-footer\"><\/div><\/div><\/div><\/div><\/article><article class=\"wpgb-card wpgb-card-2 wpgb-post-1537 bouton-grid-show\" data-col=\"1\" data-row=\"1\" data-format=\"standard\"><div class=\"wpgb-card-wrapper\"><div class=\"wpgb-card-inner\"><div class=\"wpgb-card-content wpgb-scheme-dark\"><div class=\"wpgb-card-body\"><h2 class=\"wpgb-block-2 titre-du-lieu wpgb-idle-scheme-1\">Cirque de Navacelles<\/h2><\/div><div class=\"wpgb-card-footer\"><\/div><\/div><\/div><\/div><\/article><article class=\"wpgb-card wpgb-card-2 wpgb-post-1526 bouton-grid-show\" data-col=\"1\" data-row=\"1\" data-format=\"standard\"><div class=\"wpgb-card-wrapper\"><div class=\"wpgb-card-inner\"><div class=\"wpgb-card-media wpgb-scheme-light\"><svg data-ratio style=\"padding-top:75%\" viewBox=\"0 0 4 3\"><\/svg><div class=\"wpgb-card-media-thumbnail\"><a href=\"https:\/\/www.campingdomainedegajan.com\/wp-content\/uploads\/2023\/01\/7171731130_96a61ffac5_b.jpg\" tabindex=\"-1\" class=\"wpgb-handle-lb wpgb-lightbox\" data-type=\"image\" data-rel=\"1\" data-title=\"7171731130_96a61ffac5_b\" title=\"Enlarge photo\"><div class=\"wpgb-lazy-load\" data-wpgb-thumb=\"\" data-wpgb-src=\"https:\/\/www.campingdomainedegajan.com\/wp-content\/uploads\/2023\/01\/7171731130_96a61ffac5_b-768x509.jpg\"><\/div><noscript><img loading=\"lazy\" class=\"wpgb-noscript-img\" src=\"https:\/\/www.campingdomainedegajan.com\/wp-content\/uploads\/2023\/01\/7171731130_96a61ffac5_b-768x509.jpg\" alt=\"\" height=\"509\" width=\"768\"><\/noscript><\/a><\/div><div class=\"wpgb-card-media-content\"><div class=\"wpgb-card-media-content-bottom\"><a class=\"wpgb-block-4 bouton-grid wpgb-idle-scheme-1 wpgb-hover-accent-1\" href=\"https:\/\/www.campingdomainedegajan.com\/en\/alentours\/hikes-and-walks-to-do-in-lunel\/\">D\u00e9couvrir<\/a><\/div><\/div><\/div><div class=\"wpgb-card-content wpgb-scheme-dark\"><div class=\"wpgb-card-body\"><h2 class=\"wpgb-block-2 titre-du-lieu wpgb-idle-scheme-1\">Se balader \u00e0 Lunel<\/h2><\/div><div class=\"wpgb-card-footer\"><p class=\"wpgb-block-8 ville-lieu wpgb-idle-scheme-2\">Lunel<\/p><\/div><\/div><\/div><\/div><\/article><article class=\"wpgb-card wpgb-card-2 wpgb-post-1533 bouton-grid-show\" data-col=\"1\" data-row=\"1\" data-format=\"standard\"><div class=\"wpgb-card-wrapper\"><div class=\"wpgb-card-inner\"><div class=\"wpgb-card-content wpgb-scheme-dark\"><div class=\"wpgb-card-body\"><h2 class=\"wpgb-block-2 titre-du-lieu wpgb-idle-scheme-1\">Le Grau du Roi<\/h2><\/div><div class=\"wpgb-card-footer\"><\/div><\/div><\/div><\/div><\/article><article class=\"wpgb-card wpgb-card-2 wpgb-post-1530 bouton-grid-show\" data-col=\"1\" data-row=\"1\" data-format=\"standard\"><div class=\"wpgb-card-wrapper\"><div class=\"wpgb-card-inner\"><div class=\"wpgb-card-content wpgb-scheme-dark\"><div class=\"wpgb-card-body\"><h2 class=\"wpgb-block-2 titre-du-lieu wpgb-idle-scheme-1\">Usine Perrier<\/h2><\/div><div class=\"wpgb-card-footer\"><\/div><\/div><\/div><\/div><\/article><article class=\"wpgb-card wpgb-card-2 wpgb-post-1538 bouton-grid-show\" data-col=\"1\" data-row=\"1\" data-format=\"standard\"><div class=\"wpgb-card-wrapper\"><div class=\"wpgb-card-inner\"><div class=\"wpgb-card-content wpgb-scheme-dark\"><div class=\"wpgb-card-body\"><h2 class=\"wpgb-block-2 titre-du-lieu wpgb-idle-scheme-1\">Pont du Gard<\/h2><\/div><div class=\"wpgb-card-footer\"><\/div><\/div><\/div><\/div><\/article>\t\t<\/div>\n\t<\/div>\n\t<div class=\"wpgb-loader\">\n\t<div class=\"wpgb-loader-18\">\n\t\t<div><\/div><div><\/div><div><\/div><div><\/div>\t<\/div>\n<\/div>\n<\/div>\n\t<\/div>\n\t\t<\/div>\n<\/div>\n\n\n<div class=\"wpgb-facet wpgb-loading wpgb-facet-3\" data-facet=\"3\" data-grid=\"1\"><nav class=\"wpgb-pagination-facet\" aria-label=\"Page navigation\"><ul class=\"wpgb-pagination\"><li class=\"wpgb-page\"><a href=\"https:\/\/www.campingdomainedegajan.com\/en\/surroundings\/?_pagination=1\" aria-current=\"true\" aria-label=\"Current Page, Page 1\" data-page=\"1\">1<\/a><\/li><li class=\"wpgb-page\"><a href=\"https:\/\/www.campingdomainedegajan.com\/en\/surroundings\/?_pagination=2\" aria-label=\"Goto Page 2\" data-page=\"2\">2<\/a><\/li><\/ul><\/nav><\/div><\/div>\n\n\n\n<div class=\"wp-block-column\"><div class=\"wpgb-facet wpgb-loading wpgb-facet-2\" data-facet=\"2\" data-grid=\"1\">\t<fieldset>\n\t\t<legend class=\"wpgb-facet-title wpgb-sr-only\">ALENTOURS &#8211; Filtrage MAP<\/legend>\n\t\t<div class=\"wpgb-map-facet\" style=\"padding-bottom:56.25%\"><\/div>\t<\/fieldset>\n\t<\/div><\/div>\n<\/div>\n","protected":false},"excerpt":{"rendered":"<p>Nature walks Swimming in the sea or river Tourist visits Discover our wonderful region, Languedoc-Roussillon and Occitania Visit the H\u00e9rault, the Gard, the Camargue&#8230; Ideally located 30 km from the sea, our 4 star campsite in the H\u00e9rault is in the heart of Languedoc-Roussillon, the new Occitanie region. It is located more precisely in the [&hellip;]<\/p>\n","protected":false},"author":1,"featured_media":0,"parent":0,"menu_order":0,"comment_status":"closed","ping_status":"closed","template":"","meta":[],"acf":[],"_links":{"self":[{"href":"https:\/\/www.campingdomainedegajan.com\/en\/wp-json\/wp\/v2\/pages\/1488"}],"collection":[{"href":"https:\/\/www.campingdomainedegajan.com\/en\/wp-json\/wp\/v2\/pages"}],"about":[{"href":"https:\/\/www.campingdomainedegajan.com\/en\/wp-json\/wp\/v2\/types\/page"}],"author":[{"embeddable":true,"href":"https:\/\/www.campingdomainedegajan.com\/en\/wp-json\/wp\/v2\/users\/1"}],"replies":[{"embeddable":true,"href":"https:\/\/www.campingdomainedegajan.com\/en\/wp-json\/wp\/v2\/comments?post=1488"}],"version-history":[{"count":1,"href":"https:\/\/www.campingdomainedegajan.com\/en\/wp-json\/wp\/v2\/pages\/1488\/revisions"}],"predecessor-version":[{"id":1489,"href":"https:\/\/www.campingdomainedegajan.com\/en\/wp-json\/wp\/v2\/pages\/1488\/revisions\/1489"}],"wp:attachment":[{"href":"https:\/\/www.campingdomainedegajan.com\/en\/wp-json\/wp\/v2\/media?parent=1488"}],"curies":[{"name":"wp","href":"https:\/\/api.w.org\/{rel}","templated":true}]}}